{"id":1382,"date":"2020-05-10T22:31:13","date_gmt":"2020-05-10T20:31:13","guid":{"rendered":"https:\/\/ilioon.com\/?page_id=1382"},"modified":"2021-01-22T19:03:31","modified_gmt":"2021-01-22T17:03:31","slug":"prueba-gratuita","status":"publish","type":"page","link":"https:\/\/ilioon.com\/fr\/prueba-gratuita\/","title":{"rendered":"Prueba gratuita"},"content":{"rendered":"<div data-elementor-type=\"wp-page\" data-elementor-id=\"1382\" class=\"elementor elementor-1382\">\n\t\t\t\t\t\t<div class=\"elementor-inner\">\n\t\t\t\t<div class=\"elementor-section-wrap\">\n\t\t\t\t\t\t\t\t\t<section class=\"elementor-section elementor-top-section elementor-element elementor-element-c41ea53 elementor-section-boxed elementor-section-height-default elementor-section-height-default\" data-id=\"c41ea53\" data-element_type=\"section\">\n\t\t\t\t\t\t<div class=\"elementor-container elementor-column-gap-default\">\n\t\t\t\t\t\t\t<div class=\"elementor-row\">\n\t\t\t\t\t<div class=\"elementor-column elementor-col-100 elementor-top-column elementor-element elementor-element-46a30d0\" data-id=\"46a30d0\" data-element_type=\"column\">\n\t\t\t<div class=\"elementor-column-wrap elementor-element-populated\">\n\t\t\t\t\t\t\t<div class=\"elementor-widget-wrap\">\n\t\t\t\t\t\t<div class=\"elementor-element elementor-element-f70956b elementor-widget elementor-widget-image\" data-id=\"f70956b\" data-element_type=\"widget\" data-widget_type=\"image.default\">\n\t\t\t\t<div class=\"elementor-widget-container\">\n\t\t\t\t\t\t\t\t<div class=\"elementor-image\">\n\t\t\t\t\t\t\t\t\t\t\t\t<img width=\"150\" height=\"91\" src=\"https:\/\/ilioon.com\/wp-content\/uploads\/2020\/04\/logo.png\" class=\"attachment-full size-full\" alt=\"\" loading=\"lazy\" \/>\t\t\t\t\t\t\t\t\t\t\t\t\t\t<\/div>\n\t\t\t\t\t\t<\/div>\n\t\t\t\t<\/div>\n\t\t\t\t\t\t<\/div>\n\t\t\t\t\t<\/div>\n\t\t<\/div>\n\t\t\t\t\t\t\t\t<\/div>\n\t\t\t\t\t<\/div>\n\t\t<\/section>\n\t\t\t\t<section class=\"elementor-section elementor-top-section elementor-element elementor-element-22ac96b elementor-section-boxed elementor-section-height-default elementor-section-height-default\" data-id=\"22ac96b\" data-element_type=\"section\">\n\t\t\t\t\t\t<div class=\"elementor-container elementor-column-gap-default\">\n\t\t\t\t\t\t\t<div class=\"elementor-row\">\n\t\t\t\t\t<div class=\"elementor-column elementor-col-50 elementor-top-column elementor-element elementor-element-3d502fc\" data-id=\"3d502fc\" data-element_type=\"column\">\n\t\t\t<div class=\"elementor-column-wrap elementor-element-populated\">\n\t\t\t\t\t\t\t<div class=\"elementor-widget-wrap\">\n\t\t\t\t\t\t<div class=\"elementor-element elementor-element-27201b8 elementor-widget elementor-widget-text-editor\" data-id=\"27201b8\" data-element_type=\"widget\" data-widget_type=\"text-editor.default\">\n\t\t\t\t<div class=\"elementor-widget-container\">\n\t\t\t\t\t\t\t\t<div class=\"elementor-text-editor elementor-clearfix\">\n\t\t\t\t<p>Con nuestra\u00a0<strong>prueba gratuita de 7 d\u00edas<\/strong>\u00a0saldr\u00e1s de dudas. No tienes que proporcionar ni tarjetas de cr\u00e9dito ni cuentas bancarias. No tienes nada que perder y mucho que ganar\u00a0<strong>\u00a1Pru\u00e9banos!<\/strong><\/p>\t\t\t\t\t<\/div>\n\t\t\t\t\t\t<\/div>\n\t\t\t\t<\/div>\n\t\t\t\t<div class=\"elementor-element elementor-element-1249d6c elementor-widget elementor-widget-text-editor\" data-id=\"1249d6c\" data-element_type=\"widget\" data-widget_type=\"text-editor.default\">\n\t\t\t\t<div class=\"elementor-widget-container\">\n\t\t\t\t\t\t\t\t<div class=\"elementor-text-editor elementor-clearfix\">\n\t\t\t\t<p><strong>T\u00e9l\u00e9phone: +34 663 250 747<br \/><\/strong><\/p><p><strong>Email: clientes@ilioon.com<\/strong><\/p>\t\t\t\t\t<\/div>\n\t\t\t\t\t\t<\/div>\n\t\t\t\t<\/div>\n\t\t\t\t\t\t<\/div>\n\t\t\t\t\t<\/div>\n\t\t<\/div>\n\t\t\t\t<div class=\"elementor-column elementor-col-50 elementor-top-column elementor-element elementor-element-ffa857c\" data-id=\"ffa857c\" data-element_type=\"column\">\n\t\t\t<div class=\"elementor-column-wrap elementor-element-populated\">\n\t\t\t\t\t\t\t<div class=\"elementor-widget-wrap\">\n\t\t\t\t\t\t<div class=\"elementor-element elementor-element-f0bbcf8 premium-contact-form-anim-yes elementor-widget elementor-widget-premium-contact-form\" data-id=\"f0bbcf8\" data-element_type=\"widget\" data-widget_type=\"premium-contact-form.default\">\n\t\t\t\t<div class=\"elementor-widget-container\">\n\t\t\t\r\n\t\t\t<div class=\"premium-cf7-container\">\r\n\t\t\t\t<div role=\"form\" class=\"wpcf7\" id=\"wpcf7-f1377-o1\" lang=\"es-ES\" dir=\"ltr\">\n<div class=\"screen-reader-response\"><p role=\"status\" aria-live=\"polite\" aria-atomic=\"true\"><\/p> <ul><\/ul><\/div>\n<form action=\"\/fr\/wp-json\/wp\/v2\/pages\/1382#wpcf7-f1377-o1\" method=\"post\" class=\"wpcf7-form init\" novalidate=\"novalidate\" data-status=\"init\" data-trp-original-action=\"\/fr\/wp-json\/wp\/v2\/pages\/1382#wpcf7-f1377-o1\">\n<div style=\"display: none;\">\n<input type=\"hidden\" name=\"_wpcf7\" value=\"1377\" \/>\n<input type=\"hidden\" name=\"_wpcf7_version\" value=\"5.5.6.1\" \/>\n<input type=\"hidden\" name=\"_wpcf7_locale\" value=\"es_ES\" \/>\n<input type=\"hidden\" name=\"_wpcf7_unit_tag\" value=\"wpcf7-f1377-o1\" \/>\n<input type=\"hidden\" name=\"_wpcf7_container_post\" value=\"0\" \/>\n<input type=\"hidden\" name=\"_wpcf7_posted_data_hash\" value=\"\" \/>\n<\/div>\n<p><label> Nom (obligatoire)<br \/>\n    <span class=\"wpcf7-form-control-wrap your-name\"><input type=\"text\" name=\"your-name\" value=\"\" size=\"40\" class=\"wpcf7-form-control wpcf7-text wpcf7-validates-as-required\" aria-required=\"true\" aria-invalid=\"false\" \/><\/span> <\/label><\/p>\n<p><label> Email (obligatoire)<br \/>\n    <span class=\"wpcf7-form-control-wrap your-email\"><input type=\"email\" name=\"your-email\" value=\"\" size=\"40\" class=\"wpcf7-form-control wpcf7-text wpcf7-email wpcf7-validates-as-required wpcf7-validates-as-email\" aria-required=\"true\" aria-invalid=\"false\" \/><\/span> <\/label><\/p>\n<p><label> T\u00e9l\u00e9phone (requis)<br \/>\n    <span class=\"wpcf7-form-control-wrap tel-104\"><input type=\"tel\" name=\"tel-104\" value=\"\" size=\"40\" class=\"wpcf7-form-control wpcf7-text wpcf7-tel wpcf7-validates-as-required wpcf7-validates-as-tel\" aria-required=\"true\" aria-invalid=\"false\" \/><\/span> <\/label><\/p>\n<p><label> Type d'entreprise<br \/>\n<span class=\"wpcf7-form-control-wrap menu-610\"><select name=\"menu-610\" class=\"wpcf7-form-control wpcf7-select wpcf7-validates-as-required\" aria-required=\"true\" aria-invalid=\"false\"><option value=\"Soy una tienda\">Soy una tienda<\/option><option value=\"Soy una marca o distribuidor\">Soy una marca o distribuidor<\/option><option value=\"Soy una agencia\">Soy una agencia<\/option><\/select><\/span><\/label><\/p>\n<p><span class=\"wpcf7-form-control-wrap acceptance-937\"><span class=\"wpcf7-form-control wpcf7-acceptance\"><span class=\"wpcf7-list-item\"><input type=\"checkbox\" name=\"acceptance-937\" value=\"1\" aria-invalid=\"false\" \/><\/span><\/span><\/span> J'ai lu et accepte le <a href=\"https:\/\/ilioon.com\/fr\/politica-privacidad\/\" target=\"_blank\">Politique de confidentialit\u00e9.<\/a>\n<p\/>\n<p><input type=\"submit\" value=\"Enviar\" class=\"wpcf7-form-control has-spinner wpcf7-submit\" \/><\/p>\n<div class=\"wpcf7-response-output\" aria-hidden=\"true\"><\/div><input type=\"hidden\" name=\"trp-form-language\" value=\"fr\"\/><\/form><\/div>\t\t\t<\/div>\r\n\r\n\t\t\t\t\t<\/div>\n\t\t\t\t<\/div>\n\t\t\t\t\t\t<\/div>\n\t\t\t\t\t<\/div>\n\t\t<\/div>\n\t\t\t\t\t\t\t\t<\/div>\n\t\t\t\t\t<\/div>\n\t\t<\/section>\n\t\t\t\t\t\t\t\t\t<\/div>\n\t\t\t<\/div>\n\t\t\t\t\t<\/div>","protected":false},"excerpt":{"rendered":"<p>Con nuestra\u00a0prueba gratuita de 7 d\u00edas\u00a0saldr\u00e1s de dudas. No tienes que proporcionar ni tarjetas de cr\u00e9dito ni cuentas bancarias. No tienes nada que perder y mucho que ganar\u00a0\u00a1Pru\u00e9banos! Tel\u00e9fono: 663 250 747 Email: clientes@ilioon.com Nombre (requerido) Correo electr\u00f3nico (requerido) Tel\u00e9fono (requerido) Tipo de negocio Soy una tiendaSoy una marca o distribuidorSoy una agencia He le\u00eddo [&hellip;]<\/p>","protected":false},"author":1,"featured_media":0,"parent":0,"menu_order":0,"comment_status":"closed","ping_status":"closed","template":"elementor_header_footer","meta":[],"yoast_head":"<!-- This site is optimized with the Yoast SEO plugin v18.3 - https:\/\/yoast.com\/wordpress\/plugins\/seo\/ -->\n<title>Prueba gratuita - Ilioon Rastreador precios competencia<\/title>\n<meta name=\"robots\" content=\"index, follow, max-snippet:-1, max-image-preview:large, max-video-preview:-1\" \/>\n<link rel=\"canonical\" href=\"https:\/\/ilioon.com\/fr\/prueba-gratuita\/\" \/>\n<meta property=\"og:locale\" content=\"fr_FR\" \/>\n<meta property=\"og:type\" content=\"article\" \/>\n<meta property=\"og:title\" content=\"Prueba gratuita - Ilioon Rastreador precios competencia\" \/>\n<meta property=\"og:description\" content=\"Con nuestra\u00a0prueba gratuita de 7 d\u00edas\u00a0saldr\u00e1s de dudas. No tienes que proporcionar ni tarjetas de cr\u00e9dito ni cuentas bancarias. No tienes nada que perder y mucho que ganar\u00a0\u00a1Pru\u00e9banos! Tel\u00e9fono: 663 250 747 Email: clientes@ilioon.com Nombre (requerido) Correo electr\u00f3nico (requerido) Tel\u00e9fono (requerido) Tipo de negocio Soy una tiendaSoy una marca o distribuidorSoy una agencia He le\u00eddo [&hellip;]\" \/>\n<meta property=\"og:url\" content=\"https:\/\/ilioon.com\/fr\/prueba-gratuita\/\" \/>\n<meta property=\"og:site_name\" content=\"Ilioon Rastreador precios competencia\" \/>\n<meta property=\"article:modified_time\" content=\"2021-01-22T17:03:31+00:00\" \/>\n<meta property=\"og:image\" content=\"https:\/\/ilioon.com\/wp-content\/uploads\/2020\/04\/logo.png\" \/>\n<meta name=\"twitter:card\" content=\"summary_large_image\" \/>\n<meta name=\"twitter:label1\" content=\"Dur\u00e9e de lecture estim\u00e9e\" \/>\n\t<meta name=\"twitter:data1\" content=\"1 minute\" \/>\n<script type=\"application\/ld+json\" class=\"yoast-schema-graph\">{\"@context\":\"https:\/\/schema.org\",\"@graph\":[{\"@type\":\"WebSite\",\"@id\":\"https:\/\/ilioon.com\/#website\",\"url\":\"https:\/\/ilioon.com\/\",\"name\":\"Ilioon Rastreador precios competencia\",\"description\":\"Rastreador precios competencia Google, Amazon y Ebay\",\"potentialAction\":[{\"@type\":\"SearchAction\",\"target\":{\"@type\":\"EntryPoint\",\"urlTemplate\":\"https:\/\/ilioon.com\/?s={search_term_string}\"},\"query-input\":\"required name=search_term_string\"}],\"inLanguage\":\"fr-FR\"},{\"@type\":\"ImageObject\",\"@id\":\"https:\/\/ilioon.com\/en\/prueba-gratuita\/#primaryimage\",\"inLanguage\":\"fr-FR\",\"url\":\"https:\/\/ilioon.com\/wp-content\/uploads\/2020\/04\/logo.png\",\"contentUrl\":\"https:\/\/ilioon.com\/wp-content\/uploads\/2020\/04\/logo.png\",\"width\":150,\"height\":91},{\"@type\":\"WebPage\",\"@id\":\"https:\/\/ilioon.com\/en\/prueba-gratuita\/#webpage\",\"url\":\"https:\/\/ilioon.com\/en\/prueba-gratuita\/\",\"name\":\"Prueba gratuita - Ilioon Rastreador precios competencia\",\"isPartOf\":{\"@id\":\"https:\/\/ilioon.com\/#website\"},\"primaryImageOfPage\":{\"@id\":\"https:\/\/ilioon.com\/en\/prueba-gratuita\/#primaryimage\"},\"datePublished\":\"2020-05-10T20:31:13+00:00\",\"dateModified\":\"2021-01-22T17:03:31+00:00\",\"breadcrumb\":{\"@id\":\"https:\/\/ilioon.com\/en\/prueba-gratuita\/#breadcrumb\"},\"inLanguage\":\"fr-FR\",\"potentialAction\":[{\"@type\":\"ReadAction\",\"target\":[\"https:\/\/ilioon.com\/en\/prueba-gratuita\/\"]}]},{\"@type\":\"BreadcrumbList\",\"@id\":\"https:\/\/ilioon.com\/en\/prueba-gratuita\/#breadcrumb\",\"itemListElement\":[{\"@type\":\"ListItem\",\"position\":1,\"name\":\"Portada\",\"item\":\"https:\/\/ilioon.com\/\"},{\"@type\":\"ListItem\",\"position\":2,\"name\":\"Prueba gratuita\"}]}]}<\/script>\n<!-- \/ Yoast SEO plugin. -->","yoast_head_json":{"title":"Prueba gratuita - Ilioon Rastreador precios competencia","robots":{"index":"index","follow":"follow","max-snippet":"max-snippet:-1","max-image-preview":"max-image-preview:large","max-video-preview":"max-video-preview:-1"},"canonical":"https:\/\/ilioon.com\/fr\/prueba-gratuita\/","og_locale":"fr_FR","og_type":"article","og_title":"Prueba gratuita - Ilioon Rastreador precios competencia","og_description":"Con nuestra\u00a0prueba gratuita de 7 d\u00edas\u00a0saldr\u00e1s de dudas. No tienes que proporcionar ni tarjetas de cr\u00e9dito ni cuentas bancarias. No tienes nada que perder y mucho que ganar\u00a0\u00a1Pru\u00e9banos! Tel\u00e9fono: 663 250 747 Email: clientes@ilioon.com Nombre (requerido) Correo electr\u00f3nico (requerido) Tel\u00e9fono (requerido) Tipo de negocio Soy una tiendaSoy una marca o distribuidorSoy una agencia He le\u00eddo [&hellip;]","og_url":"https:\/\/ilioon.com\/fr\/prueba-gratuita\/","og_site_name":"Ilioon Rastreador precios competencia","article_modified_time":"2021-01-22T17:03:31+00:00","og_image":[{"url":"https:\/\/ilioon.com\/wp-content\/uploads\/2020\/04\/logo.png"}],"twitter_card":"summary_large_image","twitter_misc":{"Dur\u00e9e de lecture estim\u00e9e":"1 minute"},"schema":{"@context":"https:\/\/schema.org","@graph":[{"@type":"WebSite","@id":"https:\/\/ilioon.com\/#website","url":"https:\/\/ilioon.com\/","name":"Ilioon Rastreador precios competencia","description":"Rastreador precios competencia Google, Amazon y Ebay","potentialAction":[{"@type":"SearchAction","target":{"@type":"EntryPoint","urlTemplate":"https:\/\/ilioon.com\/?s={search_term_string}"},"query-input":"required name=search_term_string"}],"inLanguage":"fr-FR"},{"@type":"ImageObject","@id":"https:\/\/ilioon.com\/en\/prueba-gratuita\/#primaryimage","inLanguage":"fr-FR","url":"https:\/\/ilioon.com\/wp-content\/uploads\/2020\/04\/logo.png","contentUrl":"https:\/\/ilioon.com\/wp-content\/uploads\/2020\/04\/logo.png","width":150,"height":91},{"@type":"WebPage","@id":"https:\/\/ilioon.com\/en\/prueba-gratuita\/#webpage","url":"https:\/\/ilioon.com\/en\/prueba-gratuita\/","name":"Prueba gratuita - Ilioon Rastreador precios competencia","isPartOf":{"@id":"https:\/\/ilioon.com\/#website"},"primaryImageOfPage":{"@id":"https:\/\/ilioon.com\/en\/prueba-gratuita\/#primaryimage"},"datePublished":"2020-05-10T20:31:13+00:00","dateModified":"2021-01-22T17:03:31+00:00","breadcrumb":{"@id":"https:\/\/ilioon.com\/en\/prueba-gratuita\/#breadcrumb"},"inLanguage":"fr-FR","potentialAction":[{"@type":"ReadAction","target":["https:\/\/ilioon.com\/en\/prueba-gratuita\/"]}]},{"@type":"BreadcrumbList","@id":"https:\/\/ilioon.com\/en\/prueba-gratuita\/#breadcrumb","itemListElement":[{"@type":"ListItem","position":1,"name":"Portada","item":"https:\/\/ilioon.com\/"},{"@type":"ListItem","position":2,"name":"Prueba gratuita"}]}]}},"_links":{"self":[{"href":"https:\/\/ilioon.com\/fr\/wp-json\/wp\/v2\/pages\/1382"}],"collection":[{"href":"https:\/\/ilioon.com\/fr\/wp-json\/wp\/v2\/pages"}],"about":[{"href":"https:\/\/ilioon.com\/fr\/wp-json\/wp\/v2\/types\/page"}],"author":[{"embeddable":true,"href":"https:\/\/ilioon.com\/fr\/wp-json\/wp\/v2\/users\/1"}],"replies":[{"embeddable":true,"href":"https:\/\/ilioon.com\/fr\/wp-json\/wp\/v2\/comments?post=1382"}],"version-history":[{"count":11,"href":"https:\/\/ilioon.com\/fr\/wp-json\/wp\/v2\/pages\/1382\/revisions"}],"predecessor-version":[{"id":2080,"href":"https:\/\/ilioon.com\/fr\/wp-json\/wp\/v2\/pages\/1382\/revisions\/2080"}],"wp:attachment":[{"href":"https:\/\/ilioon.com\/fr\/wp-json\/wp\/v2\/media?parent=1382"}],"curies":[{"name":"wp","href":"https:\/\/api.w.org\/{rel}","templated":true}]}}