{"id":1265,"date":"2020-05-07T20:34:04","date_gmt":"2020-05-07T18:34:04","guid":{"rendered":"https:\/\/ilioon.com\/?page_id=1265"},"modified":"2020-05-07T20:34:04","modified_gmt":"2020-05-07T18:34:04","slug":"terminos-y-condiciones-de-uso-del-servicio","status":"publish","type":"page","link":"https:\/\/ilioon.com\/fr\/terminos-y-condiciones-de-uso-del-servicio\/","title":{"rendered":"T\u00e9rminos y condiciones de uso del servicio"},"content":{"rendered":"<p>T\u00c9RMINOS Y CONDICIONES DE USO DEL SERVICIO<\/p>\n\n\n\n<p>1.INFOMACI\u00d3N GENERAL<\/p>\n\n\n\n<p>El acceso y uso del sitio web alojado bajo el nombre de dominio ilioon.com (en adelante, el \u201cSitio Web\u201d) quedan regulados por las presentes condiciones de uso (las \u201cCondiciones de Uso\u201d) , as\u00ed como los contenidos y servicios que el titular del Sitio Web pone a disposici\u00f3n de sus usuarios\/clientes (los \u201cUsuarios\u201d).<\/p>\n\n\n\n<p>Igualmente, las presentes Condiciones de Uso establecen junto con la Pol\u00edtica de Privacidad y de Cookies relativas a la gesti\u00f3n de datos de car\u00e1cter personal de los Usuarios, los t\u00e9rminos y condiciones por los que se rige el Sitio Web (los \u201cT\u00e9rminos y Condiciones\u201d).<\/p>\n\n\n\n<p>De acuerdo con el art\u00edculo 10 de la Ley 34\/2002, de 11 de julio, de Servicios de la Sociedad de la Informaci\u00f3n y del Comercio Electr\u00f3nico, se informa sobre el titular del Sitio Web propiedad de:<\/p>\n\n\n\n<p>GEEK DEVOPS S.L.<\/p>\n\n\n\n<p>Su correo electr\u00f3nico de contacto y atenci\u00f3n al cliente es: soporte@ilioon.com<\/p>\n\n\n\n<p>2.ACEPTACI\u00d3N<\/p>\n\n\n\n<p>Tanto el acceder al Sitio Web como su uso por parte del Usuario ser\u00e1 considerado -y sin reservas- como evidencia de conocimiento y aceptaci\u00f3n de los T\u00e9rminos y Condiciones por parte de \u00e9l. Por ello, es recomendable que el Usuario las lea con atenci\u00f3n siempre que use o considere usar los servicios ofertados por ilioon.com.<\/p>\n\n\n\n<p>Queda expresamente a los Usuarios menores de edad hacer uso y\/o acceder al Sitio Web de manera que al ser convertirse en Usuario de la web de ilioon.com \u00e9ste se compromete a aceptar ser mayor de edad y estar en pleno uso de las capacidades suficientes para asumir las obligaciones derivadas de sus actuaciones y que ha le\u00eddo, comprende y acepta tanto las presentes Condiciones de Uso, el contenido del Sitio Web.<\/p>\n\n\n\n<p>3.CONDICIONES DE ALTA<\/p>\n\n\n\n<p>Para poder hacer pleno uso de los Servicios ofrecidos en el Sitio Web, los Usuarios deber\u00e1n registrarse. Para ello deber\u00e1n rellenar el formulario creado al efecto (\u201cFormulario de Registro\u201d), siguiendo los pasos que se indican en \u00e9l y siendo fieles a la verdad.<\/p>\n\n\n\n<p>Una vez rellenado el Formulario de Registro y finalizados todos los pasos por partes del Usuario, a partir de ese momento, se habr\u00e1 activado su cuenta de Usuario consider\u00e1ndose ya un \u201cUsuario Registrado\u201d.<\/p>\n\n\n\n<p>El Usuario Registrado ser\u00e1 responsable de custodiar su contrase\u00f1a y velar porque \u00e9sta permanezca secreta, no facilit\u00e1ndola a terceros. En caso de sospechar que su contrase\u00f1a ha podido ser descifrada, deber\u00e1 cambiarla inmediatamente.<\/p>\n\n\n\n<ol start=\"4\"><li>SERVICIO A CONTRATAR GOOGLE ADS<\/li><\/ol>\n\n\n\n<p>El servicio tiene un precio diferente en funci\u00f3n del plan contratado, que esta disponible en la p\u00e1gina web de https:\/\/ilioon.com<\/p>\n\n\n\n<p>Selecci\u00f3n de marketplaces y pa\u00eds para monitorizaci\u00f3n de precios a partir de un feed de datos del producto que proporcionara el cliente.<\/p>\n\n\n\n<p>El feed ser\u00e1 actualizados por el cliente.<\/p>\n\n\n\n<p>El refresco de precios ser\u00e1 diariamente, siempre y cuando los medios lo permitan y t\u00e9cnicamente sea posible, es posible que haya d\u00edas que no se pueda refrescar, para ello ilioon trabajara para reponer el servicio en la menor brevedad posible.<\/p>\n\n\n\n<p>Alertas sobre los cambios de precios de la competencia.<\/p>\n\n\n\n<p>Api de exportaci\u00f3n de datos propios y la competencia en formato CSV. Si entra en el plan contratado.<\/p>\n\n\n\n<p>Automatizaci\u00f3n y optimizaci\u00f3n de campa\u00f1as en Google Ads.<\/p>\n\n\n\n<p>Ilioon descargar\u00e1 datos del cliente como, tasa de conversiones, numero de clics, localidades, etc.. Para el buen funcionamiento de nuestro algoritmo.<\/p>\n\n\n\n<p>Prueba gratuita para 30 d\u00edas naturales para los servicios de Google Ads.<\/p>\n\n\n\n<ol start=\"5\"><li>SERVICIO A CONTRATAR SOLO MONITORIZACI\u00d3N DE PRECIOS<\/li><\/ol>\n\n\n\n<p>El servicio tiene un precio diferente en funci\u00f3n del plan contratado, que est\u00e1 disponible en la p\u00e1gina web de https:\/\/ilioon.com<\/p>\n\n\n\n<p>Selecci\u00f3n de marketplaces y pa\u00eds para monitorizaci\u00f3n de precios a partir de un feed de datos del producto que proporcionara el cliente.<\/p>\n\n\n\n<p>El feed ser\u00e1 actualizados por el cliente.<\/p>\n\n\n\n<p>El refresco de precios ser\u00e1 diariamente, siempre y cuando los medios lo permitan y t\u00e9cnicamente sea posible, es posible que haya d\u00edas que no se pueda refrescar, para ello ilioon trabajara para reponer el servicio en la menor brevedad posible.<\/p>\n\n\n\n<p>Alertas sobre los cambios de precios de la competencia.<\/p>\n\n\n\n<p>Api de exportaci\u00f3n de datos propios y la competencia en formato CSV. Si entra en el plan contratado.<\/p>\n\n\n\n<p>Prueba gratuita para 7 d\u00edas naturales para los servicios en los que solo se contrate la Monitorizaci\u00f3n de precios.<\/p>\n\n\n\n<ol start=\"6\"><li>MANTENIMIENTO<\/li><\/ol>\n\n\n\n<p>La atenci\u00f3n al cliente ser\u00e1 de 10:00 de la ma\u00f1ana a 14:00 de la tarde de lunes a viernes. Festivos no incluidos en Espa\u00f1a o locales en Valencia.<\/p>\n\n\n\n<ol start=\"7\"><li>PERIODO DE SERVICIO<\/li><\/ol>\n\n\n\n<p>Este servicio se renovar\u00e1 autom\u00e1ticamente cada mes, a partir de la fecha que se contrat\u00f3.<\/p>\n\n\n\n<p>Para cancelar el pedido simplemente deber\u00e1 de entrar a su cuenta y cancelar el servicio.<\/p>\n\n\n\n<ol start=\"8\"><li>MODIFICACIONES O SUPRESIONES DEL SERVICIO<\/li><\/ol>\n\n\n\n<p>Ilioon.com se reserva el derecho en cualquier momento, para modificar o interrumpir, temporal o permanentemente, el Servicio (o cualquier parte del mismo) con o sin previo aviso en cualquier momento. El usuario acepta que ilioon no ser\u00e1 responsable ante usted o terceras partes por ninguna modificaci\u00f3n, suspensi\u00f3n, terminaci\u00f3n o interrupci\u00f3n del Servicio.<\/p>\n\n\n\n<p>9.PROPIEDAD INTELECTUAL E INDUSTRIAL<\/p>\n\n\n\n<p>El Real Decreto Legislativo 1\/1996, de 12 de abril que recoge la aprobaci\u00f3n del Texto Refundido de la Ley de Propiedad Intelectual, as\u00ed como el resto de normas que regulan la Propiedad Intelectual protegen expresamente el contenido, dise\u00f1o gr\u00e1fico y c\u00f3digo fuente tanto de la Herramienta ilioon.com como del Sitio Web, velando por la protecci\u00f3n de sus derechos de autor y otros derechos expresamente protegidos en materia de la Propiedad Intelectual.<\/p>\n\n\n\n<p>Todos los derechos relativos a la Propiedad Intelectual de la Herramienta ilioon.com y del Sitio Web son propiedad exclusiva de ilioon.com y\/o de sus licenciantes, quedando estrictamente prohibido cualquier tipo de reproducci\u00f3n total o parcial, modificaci\u00f3n, comunicaci\u00f3n p\u00fablica y cesi\u00f3n tanto del contenido de la herramienta ilioon.com y del Sitio Web (gr\u00e1ficos, figuras, textos, \u00edndices, dise\u00f1os, etc) como de las bases de datos y del programa (software) necesario para su correcto funcionamiento, de acuerdo con la legislaci\u00f3n vigente relativa a la Propiedad Intelectual.<\/p>\n\n\n\n<p>Queda expresamente prohibido usar denominaciones comerciales, r\u00f3tulos, esl\u00f3ganes, logotipos o cualquier otro signo distintivo contenido en el Sitio Web, especialmente la denominaci\u00f3n \u201cilioon.com\u201d sin autorizaci\u00f3n previa y por escrito de ilioon.com.<\/p>\n\n\n\n<p>Queda prohibido por parte de los Usuarios de la Herramienta ilioon.com el intentar sacar provecho comercial o econ\u00f3mico, indirecta o directamente de sus contenidos o de parte de ellos, salvo de las im\u00e1genes fotogr\u00e1ficas que sean de su autor\u00eda, incluidos en ilioon.com y el Sitio Web, sin previo permiso por escrito del titular (autor).<\/p>\n\n\n\n<p>La empresa ilioon.com se reserva el derecho a emprender acciones civiles y penales, en virtud de la legislaci\u00f3n espa\u00f1ola y extranjera que pudieran corresponderle como consecuencia de la vulneraci\u00f3n de sus derechos de propiedad industrial e intelectual derivada del mal uso del contenido de la Herramienta ilioon.com y del Sitio Web.<\/p>\n\n\n\n<p>10.LIMITACIONES TECNOL\u00d3GICAS<\/p>\n\n\n\n<p>Debido a las continuas tareas de mejora y mantenimiento de la Herramienta ilioon.com y del Sitio Web, es posible que en alguna ocasi\u00f3n puedan darse interrupciones temporales en el servicio.<\/p>\n\n\n\n<p>Igualmente, pueden generar interrupciones temporales del servicio o limitaci\u00f3n de \u00e9ste la saturaci\u00f3n de redes, condiciones ambientales y otros factores ajenos a la empresa.<\/p>\n\n\n\n<p>Se ruega a los Usuarios de la Herramienta ilioon.com y del Sitio Web que nos env\u00eden un correo electr\u00f3nico a la direcci\u00f3n soporte@ilioon.com inform\u00e1ndonos de cualquier tipo de error o alteraci\u00f3n en la calidad y\/o prestaci\u00f3n del servicio recibido de ilioon.com con el fin de solucionarlo lo m\u00e1s r\u00e1pidamente posible. Gracias.<\/p>\n\n\n\n<p>11.EXONERACI\u00d3N DE RESPONSABILIDADES<\/p>\n\n\n\n<p>La empresa ilioon.com no se hace responsable:<\/p>\n\n\n\n<p>\u2013 de la falta de funcionamiento o limitaciones de \u00e9ste (careciendo eventualmente de la funcionalidad m\u00ednima para gestionar el servicio pertinente) por causas de fuerza mayor o ajenas a la voluntad de ilioon.com,<\/p>\n\n\n\n<p>\u2013 de los fallos de funcionamiento o de seguridad derivados del uso de un navegador desfasado por parte del Usuario o de un dispositivo de conservaci\u00f3n de contrase\u00f1as o de cualquier otro tipo con mal funcionamiento,<\/p>\n\n\n\n<p>\u2013 de los perjuicios y da\u00f1os derivados de la informaci\u00f3n comunicada mediante la herramienta ilioon.com, incluyendo las comunicaciones electr\u00f3nicas, sus posibles fallos t\u00e9cnicos, humanos o de interpretaci\u00f3n,<\/p>\n\n\n\n<p>\u2013 los contenidos de la Herramienta ilioon.com, en lo relativo a la veracidad o exactitud de los datos ofrecidos o referenciados.<\/p>\n\n\n\n<p>ilioon.com no puede garantizar a los Usuarios el acceso y uso continuado e ininterrumpido del Sitio Web y de los Servicios ofrecidos.<\/p>\n\n\n\n<p>USO INTERNACIONAL<\/p>\n\n\n\n<p>Al reconocer la naturaleza global de Internet, usted acepta cumplir con todas las normas locales sobre conducta en l\u00ednea y contenido de usuario aceptable.<\/p>\n\n\n\n<p>SIN GARANT\u00cdAS O REPRESENTACIONES POR ILIOON.COM<\/p>\n\n\n\n<p>Usted comprende y acepta que el Servicio se proporciona \u201ctal cual\u201d y ilioon.com, sus afiliados, proveedores y Revendedores renuncian expresamente a todas las garant\u00edas de cualquier tipo, expresas o impl\u00edcitas, incluidas, entre otras, cualquier garant\u00eda de comerciabilidad, idoneidad para un fin determinado, no infracci\u00f3n o fianza de sus datos en los servidores de ilioon.com ilioon.com, sus afiliados, proveedores y revendedores no ofrecen ninguna garant\u00eda o representaci\u00f3n con respecto a los resultados que puedan obtenerse del uso del Servicio, la seguridad del Servicio o que el Servicio cumpla con los requisitos del usuario.<\/p>\n\n\n\n<p>MODIFICACIONES O SUPRESIONES DEL SERVICIO<\/p>\n\n\n\n<p>ilioon.com se reserva el derecho en cualquier momento, para modificar o interrumpir, temporal o permanentemente, el Servicio (o cualquier parte del mismo) con o sin previo aviso en cualquier momento. El usuario acepta que ilioon.com no ser\u00e1 responsable ante usted o terceras partes por ninguna modificaci\u00f3n, suspensi\u00f3n, terminaci\u00f3n o interrupci\u00f3n del Servicio.<\/p>\n\n\n\n<p>ACUERDO TOTAL<\/p>\n\n\n\n<p>Este Acuerdo contiene el entendimiento y el acuerdo entre las partes con respecto a la materia objeto del presente Acuerdo y reemplaza cualquier y todos los entendimientos y acuerdos entre las partes respecto a dicha materia anteriores. ilioon.com puede cambiar los t\u00e9rminos de este Acuerdo en cualquier momento publicando los t\u00e9rminos modificados en su sitio web. Este Acuerdo se ha preparado en el idioma Espa\u00f1ol y dicha versi\u00f3n ser\u00e1 el control en todos los aspectos y cualquier versi\u00f3n no-Espa\u00f1ola de este Acuerdo es \u00fanicamente para fines de alojamiento. Todas y todos los derechos y recursos de ilioon.com por incumplimiento u otro incumplimiento de este Acuerdo se considerar\u00e1n acumulativos y no exclusivos de cualquier otro derecho o recurso otorgados por el presente Acuerdo o por ley o equidad en ilioon.com, y el ejercicio de cualquier remedio no impide el ejercicio de cualquier otra. Los t\u00edtulos y encabezados que aparecen en este Acuerdo son s\u00f3lo para referencia y no ser\u00e1n considerados en la interpretaci\u00f3n de este Acuerdo. Las notificaciones pueden ser enviadas por medio del correo electr\u00f3nico o correo regular. El Servicio tambi\u00e9n puede proveer notificaciones de los cambios en el Acuerdo u otros asuntos, mostr\u00e1ndole avisos o enlaces a anuncios en el Servicio. Todas las notificaciones u otra correspondencia a ilioon.com virtud del presente Acuerdo deben ser enviadas a la siguiente direcci\u00f3n de correo electr\u00f3nico para tal fin: Todas las notificaciones u otra correspondencia a ilioon.com virtud del presente Acuerdo deben ser enviadas a la siguiente direcci\u00f3n de correo electr\u00f3nico para tal fin:soporte@ilioon.com<\/p>\n\n\n\n<p>12.CIERRE DE CUENTA DE USUARIO Y SUSPENSI\u00d3N DEL SERVICIO<\/p>\n\n\n\n<p>Ilioon.com se reserva el derecho de admisi\u00f3n\/exclusi\u00f3n del Sitio Web y de los Servicios de la Herramienta ilioon.com.<\/p>\n\n\n\n<p>La empresa informa que cualquier Usuario cuyo comportamiento no respete las normas recogidas en el presente documento, podr\u00e1 ser excluido del Sitio Web o podr\u00e1 interrumpirse, suspenderse o retirarse la prestaci\u00f3n de Servicios a tales Usuarios, sin necesidad de aviso previo.<\/p>\n\n\n\n<p>13.MODIFICACIONES<\/p>\n\n\n\n<p>ilioon.com notificar\u00e1 a sus Usuarios las modificaciones en las Condiciones de Uso, de darse, antes de que se produzcan para que los Usuarios que no est\u00e9n de acuerdo con los cambios que se prevean realizar puedan dejar de usar los Servicios de la empresa.<\/p>\n\n\n\n<p>Por tanto, el empleo del Sitio Web tras la notificaci\u00f3n de los cambios supondr\u00e1 la aceptaci\u00f3n de los mismos por parte del Usuario.<\/p>\n\n\n\n<p>14.CONTACTO Y COMUNICACIONES ELECTRONICAS<\/p>\n\n\n\n<p>Al aceptar las presentes Condiciones de Uso, el Usuario acepta que las comunicaciones con ilioon.com sean electr\u00f3nicas.<\/p>\n\n\n\n<p>ilioon.com se comunicar\u00e1 con sus Usuarios mediante el correo electr\u00f3nico (se\u00f1alado por cada usuario en el formulario rellenado para darse de alta en los Servicios) o colgando avisos en el Sitio Web. El Usuario consiente en usar este medio electr\u00f3nico de comunicaci\u00f3n y reconoce que toda notificaci\u00f3n, informaci\u00f3n y dem\u00e1s comunicaciones que ilioon.com le env\u00ede de manera electr\u00f3nica cumplen con los requisitos legales de darse por escrito.<\/p>\n\n\n\n<p>Para cualquier consulta, incidencia, reclamaci\u00f3n o queja relacionada con los Servicios prestados por ilioon.com, el Usuario podr\u00e1 ponerse en contacto con la empresa haciendo uso del correo electr\u00f3nico de atenci\u00f3n al cliente, soporte@ilioon.com<\/p>\n\n\n\n<p>15.LEGISLACI\u00d3N<\/p>\n\n\n\n<p>Las presentes Condiciones de Uso han sido elaboradas de conformidad con lo establecido en la Ley 34\/2002, de Servicios de la Sociedad de la Informaci\u00f3n y de Comercio Electr\u00f3nico, la Ley 7\/1998 sobre Condiciones Generales de Contrataci\u00f3n, el Real Decreto Legislativo 1\/2007, de 16 de noviembre, por el que se aprueba el texto refundido de la Ley General para la Defensa de los Consumidores y Usuarios y otras leyes complementarias, la Ley 7\/1996, de 15 de enero, de Ordenaci\u00f3n del Comercio Minorista, y cuantas disposiciones legales resulten de aplicaci\u00f3n.<\/p>\n\n\n\n<p>16.JURISDICCI\u00d3N Y LEY APLICABLE<\/p>\n\n\n\n<p>Tanto el funcionamiento y utilizaci\u00f3n del Sitio Web, como las presentes Condiciones de Uso est\u00e1n regidas por la legislaci\u00f3n espa\u00f1ola. Para la resoluci\u00f3n de cualquier duda, discrepancia o divergencia que pudiera suscitarse en el cumplimiento e interpretaci\u00f3n del presente Contrato, las partes se someten a los Juzgados y Tribunales de Valencia.<\/p>\n\n\n\n<p>En cumplimiento de lo establecido en la Directiva 2013\/11\/EU del Parlamento Europeo y del Consejo, de 21 de mayo, de 2013, relativa a la resoluci\u00f3n alternativa de litigios en materia de consumo, y del Reglamento 524\/2013 del Parlamento y del Consejo, de 21 de mayo de 2013, sobre resoluci\u00f3n de litigios en l\u00ednea en materia de consumo, cualquier Usuario podr\u00e1 proceder a realizar una reclamaci\u00f3n en materia de consumo mediante la plataforma online de resoluci\u00f3n de conflictos en l\u00ednea, de acceso en: http:\/\/ec.europa.eu\/consumers\/odr\/<\/p>","protected":false},"excerpt":{"rendered":"<p>T\u00c9RMINOS Y CONDICIONES DE USO DEL SERVICIO 1.INFOMACI\u00d3N GENERAL El acceso y uso del sitio web alojado bajo el nombre de dominio ilioon.com (en adelante, el \u201cSitio Web\u201d) quedan regulados por las presentes condiciones de uso (las \u201cCondiciones de Uso\u201d) , as\u00ed como los contenidos y servicios que el titular del Sitio Web pone a [&hellip;]<\/p>","protected":false},"author":1,"featured_media":0,"parent":0,"menu_order":0,"comment_status":"closed","ping_status":"closed","template":"","meta":[],"yoast_head":"<!-- This site is optimized with the Yoast SEO plugin v18.3 - https:\/\/yoast.com\/wordpress\/plugins\/seo\/ -->\n<title>T\u00e9rminos y condiciones de uso del servicio - Ilioon Rastreador precios competencia<\/title>\n<meta name=\"robots\" content=\"index, follow, max-snippet:-1, max-image-preview:large, max-video-preview:-1\" \/>\n<link rel=\"canonical\" href=\"https:\/\/ilioon.com\/fr\/terminos-y-condiciones-de-uso-del-servicio\/\" \/>\n<meta property=\"og:locale\" content=\"fr_FR\" \/>\n<meta property=\"og:type\" content=\"article\" \/>\n<meta property=\"og:title\" content=\"T\u00e9rminos y condiciones de uso del servicio - Ilioon Rastreador precios competencia\" \/>\n<meta property=\"og:description\" content=\"T\u00c9RMINOS Y CONDICIONES DE USO DEL SERVICIO 1.INFOMACI\u00d3N GENERAL El acceso y uso del sitio web alojado bajo el nombre de dominio ilioon.com (en adelante, el \u201cSitio Web\u201d) quedan regulados por las presentes condiciones de uso (las \u201cCondiciones de Uso\u201d) , as\u00ed como los contenidos y servicios que el titular del Sitio Web pone a [&hellip;]\" \/>\n<meta property=\"og:url\" content=\"https:\/\/ilioon.com\/fr\/terminos-y-condiciones-de-uso-del-servicio\/\" \/>\n<meta property=\"og:site_name\" content=\"Ilioon Rastreador precios competencia\" \/>\n<meta name=\"twitter:card\" content=\"summary_large_image\" \/>\n<meta name=\"twitter:label1\" content=\"Dur\u00e9e de lecture estim\u00e9e\" \/>\n\t<meta name=\"twitter:data1\" content=\"12 minutes\" \/>\n<script type=\"application\/ld+json\" class=\"yoast-schema-graph\">{\"@context\":\"https:\/\/schema.org\",\"@graph\":[{\"@type\":\"WebSite\",\"@id\":\"https:\/\/ilioon.com\/#website\",\"url\":\"https:\/\/ilioon.com\/\",\"name\":\"Ilioon Rastreador precios competencia\",\"description\":\"Rastreador precios competencia Google, Amazon y Ebay\",\"potentialAction\":[{\"@type\":\"SearchAction\",\"target\":{\"@type\":\"EntryPoint\",\"urlTemplate\":\"https:\/\/ilioon.com\/?s={search_term_string}\"},\"query-input\":\"required name=search_term_string\"}],\"inLanguage\":\"fr-FR\"},{\"@type\":\"WebPage\",\"@id\":\"https:\/\/ilioon.com\/fr\/terminos-y-condiciones-de-uso-del-servicio\/#webpage\",\"url\":\"https:\/\/ilioon.com\/fr\/terminos-y-condiciones-de-uso-del-servicio\/\",\"name\":\"T\u00e9rminos y condiciones de uso del servicio - Ilioon Rastreador precios competencia\",\"isPartOf\":{\"@id\":\"https:\/\/ilioon.com\/#website\"},\"datePublished\":\"2020-05-07T18:34:04+00:00\",\"dateModified\":\"2020-05-07T18:34:04+00:00\",\"breadcrumb\":{\"@id\":\"https:\/\/ilioon.com\/fr\/terminos-y-condiciones-de-uso-del-servicio\/#breadcrumb\"},\"inLanguage\":\"fr-FR\",\"potentialAction\":[{\"@type\":\"ReadAction\",\"target\":[\"https:\/\/ilioon.com\/fr\/terminos-y-condiciones-de-uso-del-servicio\/\"]}]},{\"@type\":\"BreadcrumbList\",\"@id\":\"https:\/\/ilioon.com\/fr\/terminos-y-condiciones-de-uso-del-servicio\/#breadcrumb\",\"itemListElement\":[{\"@type\":\"ListItem\",\"position\":1,\"name\":\"Portada\",\"item\":\"https:\/\/ilioon.com\/\"},{\"@type\":\"ListItem\",\"position\":2,\"name\":\"T\u00e9rminos y condiciones de uso del servicio\"}]}]}<\/script>\n<!-- \/ Yoast SEO plugin. -->","yoast_head_json":{"title":"T\u00e9rminos y condiciones de uso del servicio - Ilioon Rastreador precios competencia","robots":{"index":"index","follow":"follow","max-snippet":"max-snippet:-1","max-image-preview":"max-image-preview:large","max-video-preview":"max-video-preview:-1"},"canonical":"https:\/\/ilioon.com\/fr\/terminos-y-condiciones-de-uso-del-servicio\/","og_locale":"fr_FR","og_type":"article","og_title":"T\u00e9rminos y condiciones de uso del servicio - Ilioon Rastreador precios competencia","og_description":"T\u00c9RMINOS Y CONDICIONES DE USO DEL SERVICIO 1.INFOMACI\u00d3N GENERAL El acceso y uso del sitio web alojado bajo el nombre de dominio ilioon.com (en adelante, el \u201cSitio Web\u201d) quedan regulados por las presentes condiciones de uso (las \u201cCondiciones de Uso\u201d) , as\u00ed como los contenidos y servicios que el titular del Sitio Web pone a [&hellip;]","og_url":"https:\/\/ilioon.com\/fr\/terminos-y-condiciones-de-uso-del-servicio\/","og_site_name":"Ilioon Rastreador precios competencia","twitter_card":"summary_large_image","twitter_misc":{"Dur\u00e9e de lecture estim\u00e9e":"12 minutes"},"schema":{"@context":"https:\/\/schema.org","@graph":[{"@type":"WebSite","@id":"https:\/\/ilioon.com\/#website","url":"https:\/\/ilioon.com\/","name":"Ilioon Rastreador precios competencia","description":"Rastreador precios competencia Google, Amazon y Ebay","potentialAction":[{"@type":"SearchAction","target":{"@type":"EntryPoint","urlTemplate":"https:\/\/ilioon.com\/?s={search_term_string}"},"query-input":"required name=search_term_string"}],"inLanguage":"fr-FR"},{"@type":"WebPage","@id":"https:\/\/ilioon.com\/fr\/terminos-y-condiciones-de-uso-del-servicio\/#webpage","url":"https:\/\/ilioon.com\/fr\/terminos-y-condiciones-de-uso-del-servicio\/","name":"T\u00e9rminos y condiciones de uso del servicio - Ilioon Rastreador precios competencia","isPartOf":{"@id":"https:\/\/ilioon.com\/#website"},"datePublished":"2020-05-07T18:34:04+00:00","dateModified":"2020-05-07T18:34:04+00:00","breadcrumb":{"@id":"https:\/\/ilioon.com\/fr\/terminos-y-condiciones-de-uso-del-servicio\/#breadcrumb"},"inLanguage":"fr-FR","potentialAction":[{"@type":"ReadAction","target":["https:\/\/ilioon.com\/fr\/terminos-y-condiciones-de-uso-del-servicio\/"]}]},{"@type":"BreadcrumbList","@id":"https:\/\/ilioon.com\/fr\/terminos-y-condiciones-de-uso-del-servicio\/#breadcrumb","itemListElement":[{"@type":"ListItem","position":1,"name":"Portada","item":"https:\/\/ilioon.com\/"},{"@type":"ListItem","position":2,"name":"T\u00e9rminos y condiciones de uso del servicio"}]}]}},"_links":{"self":[{"href":"https:\/\/ilioon.com\/fr\/wp-json\/wp\/v2\/pages\/1265"}],"collection":[{"href":"https:\/\/ilioon.com\/fr\/wp-json\/wp\/v2\/pages"}],"about":[{"href":"https:\/\/ilioon.com\/fr\/wp-json\/wp\/v2\/types\/page"}],"author":[{"embeddable":true,"href":"https:\/\/ilioon.com\/fr\/wp-json\/wp\/v2\/users\/1"}],"replies":[{"embeddable":true,"href":"https:\/\/ilioon.com\/fr\/wp-json\/wp\/v2\/comments?post=1265"}],"version-history":[{"count":1,"href":"https:\/\/ilioon.com\/fr\/wp-json\/wp\/v2\/pages\/1265\/revisions"}],"predecessor-version":[{"id":1266,"href":"https:\/\/ilioon.com\/fr\/wp-json\/wp\/v2\/pages\/1265\/revisions\/1266"}],"wp:attachment":[{"href":"https:\/\/ilioon.com\/fr\/wp-json\/wp\/v2\/media?parent=1265"}],"curies":[{"name":"wp","href":"https:\/\/api.w.org\/{rel}","templated":true}]}}