{"id":1248,"date":"2020-05-07T20:06:16","date_gmt":"2020-05-07T18:06:16","guid":{"rendered":"https:\/\/ilioon.com\/?page_id=1248"},"modified":"2025-02-03T21:59:27","modified_gmt":"2025-02-03T19:59:27","slug":"politica-privacidad","status":"publish","type":"page","link":"https:\/\/ilioon.com\/en\/politica-privacidad\/","title":{"rendered":"Pol\u00edtica privacidad"},"content":{"rendered":"<p>&nbsp;<\/p>\r\n<hr \/>\r\n<p><br \/>www.ilioon.com pertenece a la empresa Geek Devops S.L.<\/p>\r\n\r\n\r\n\r\n<p>www.ilioon.com en cumplimiento de la normativa vigente sobre protecci\u00f3n de datos de car\u00e1cter personal, informa que se compromete con el respeto a la intimidad del usuario. El tratamiento de datos de car\u00e1cter personal ser\u00e1 recogido en un fichero, cuyo responsable es www.ilioon.com<\/p>\r\n\r\n\r\n\r\n<p>Los datos requeridos al Usuario, ser\u00e1n los necesarios para las funciones que requiere el Sitio Web de www.ilioon.com, sin que estos est\u00e9n a disposici\u00f3n de ning\u00fan tercero no anunciado en la Web, salvo autorizaci\u00f3n expresa del Usuario.<\/p>\r\n\r\n\r\n\r\n<p>El Usuario otorga el consentimiento expreso, libre y de forma inequ\u00edvoca a la recogida y tratamiento de sus datos por parte de www.ilioon.com, no pudiendo en ning\u00fan momento vender dichos datos a terceros ajenos a www.ilioon.com.El tratamiento por parte de los anunciados ser\u00e1 de car\u00e1cter publicitario, estad\u00edsticos, comercial y dem\u00e1s herramientas de marketing existentes.<\/p>\r\n\r\n\r\n\r\n<p>En cumplimiento de lo dispuesto en la Ley Org\u00e1nica 15\/1999 de 13 de Diciembre, en cualquier momento el Usuario podr\u00e1 solicitar el acceso, rectificaci\u00f3n, cancelaci\u00f3n y oposici\u00f3n de sus datos de car\u00e1cter personal a trav\u00e9s un correo electr\u00f3nico a la direcci\u00f3n soporte@ilioon.com indicando su nombre y email con el que se dio de alta y la expresi\u00f3n clara de su deseo de dejar de recibir comunicaciones comerciales. En el caso que los datos suministrados est\u00e9n asociados a una compra, la legislaci\u00f3n espa\u00f1ola nos obliga a mantenerlos al menos durante seis a\u00f1os por lo que no se podr\u00e1n borrar ni rectificar aunque el cliente as\u00ed lo solicite.<\/p>\r\n\r\n\r\n\r\n<p>www.ilioon.com se compromete en la utilizaci\u00f3n de los datos incluidos en el fichero, a respetar su confidencialidad y a utilizarlos de acuerdo con la finalidad del fichero, as\u00ed como a dar cumplimiento a su obligaci\u00f3n de guardarlos y adaptar todas las medidas para evitar la alteraci\u00f3n, p\u00e9rdida, tratamiento o acceso no autorizado, de acuerdo con lo establecimiento en el Reglamento de Medidas de Seguridad de los ficheros automatizados que contengan datos de car\u00e1cter personal, aprobando por el Real Decreto 994\/1999, de 11 de julio.<\/p>\r\n\r\n\r\n\r\n<p>La recogida de datos de car\u00e1cter personal se lleva a cabo con la finalidad de prestar el servicio de informaci\u00f3n as\u00ed como mejorar el servicio, boletines, remitirle publicidad de productos y servicios, avisos, ofertas y, en general, informaci\u00f3n de car\u00e1cter comercial de inter\u00e9s propio relacionado con los bienes y servicios que se ofertan a trav\u00e9s del Sitio.<\/p>\r\n\r\n\r\n\r\n<p>Uso de Cookies y del fichero de actividad.<\/p>\r\n\r\n\r\n\r\n<p>www.ilioon.com, por cuenta de \u00e9sta o de un tercero contratado para la prestaci\u00f3n de servicios de medici\u00f3n, pueden utilizar cookies cuando un usuario navega por los sitios y p\u00e1ginas del Web site. Las cookies son ficheros enviados a un navegador por medio de un servidor Web para registrar las actividades del usuario en el SITIO WEB.<\/p>\r\n\r\n\r\n\r\n<p>Las cookies utilizadas por www.ilioon.com, o el tercero que act\u00fae en su nombre, se asocian \u00fanicamente con un usuario an\u00f3nimo y su ordenador, y no proporcionan por s\u00ed los datos personales del usuario.<\/p>\r\n\r\n\r\n\r\n<p>Cuando el usuario permita su recepci\u00f3n, podr\u00e1 conocer el servidor que utiliza las cookies, para lo cu\u00e1l deber\u00e1 consultar las instrucciones de uso de su navegador.<\/p>\r\n\r\n\r\n\r\n<p>Gracias a las cookies, resulta posible que el servidor de www.ilioon.com, o del tercero que act\u00fae en su nombre, reconozca el navegador del ordenador utilizado por el usuario con la finalidad de que la navegaci\u00f3n sea m\u00e1s sencilla, permitiendo, por ejemplo, el acceso a los usuarios que se hayan registrado previamente, acceder a las \u00e1reas, servicios, promociones o concursos reservados exclusivamente a ellos sin tener que registrarse en cada visita. Se utilizan tambi\u00e9n para medir la audiencia y par\u00e1metros del tr\u00e1fico, controlar el progreso y n\u00famero de entradas.<\/p>\r\n\r\n\r\n\r\n<p>El usuario tiene la posibilidad de configurar su navegador para ser avisado en pantalla de la recepci\u00f3n de cookies y para impedir su instalaci\u00f3n en su disco duro. Por favor, consulte las instrucciones y manuales de su navegador para ampliar esta informaci\u00f3n. Para utilizar el Web site de www.ilioon.com, no resulta necesario que el usuario permita la instalaci\u00f3n de las cookies enviadas por www.ilioon.com, o el tercero que act\u00fae en su nombre, sin perjuicio de que sea necesario que el usuario inicie una sesi\u00f3n como tal en cada uno de los servicios cuya prestaci\u00f3n requiera el previo registro o login.<\/p>\r\n\r\n\r\n\r\n<p>De igual manera, los servidores Web de www.ilioon.com podr\u00e1n detectar de manera autom\u00e1tica la direcci\u00f3n IP y el nombre de dominio utilizados por el usuario. Toda esta informaci\u00f3n es registrada en un fichero de actividad del servidor que permite el posterior procesamiento de los datos con el fin de obtener mediciones estad\u00edsticas que permitan conocer el n\u00famero de impresiones de p\u00e1ginas, el n\u00famero de visitas realizadas a los servicios web, etc. En todo caso dicho fichero es sometido a procesos de disociaci\u00f3n que impide la identificaci\u00f3n de la m\u00e1quina de los usuarios.<\/p>","protected":false},"excerpt":{"rendered":"<p>&nbsp; www.ilioon.com pertenece a la empresa Geek Devops S.L. www.ilioon.com en cumplimiento de la normativa vigente sobre protecci\u00f3n de datos de car\u00e1cter personal, informa que se compromete con el respeto a la intimidad del usuario. El tratamiento de datos de car\u00e1cter personal ser\u00e1 recogido en un fichero, cuyo responsable es www.ilioon.com Los datos requeridos al [&hellip;]<\/p>","protected":false},"author":1,"featured_media":0,"parent":0,"menu_order":0,"comment_status":"closed","ping_status":"closed","template":"","meta":[],"yoast_head":"<!-- This site is optimized with the Yoast SEO plugin v18.3 - https:\/\/yoast.com\/wordpress\/plugins\/seo\/ -->\n<title>Pol\u00edtica privacidad - Ilioon Rastreador precios competencia<\/title>\n<meta name=\"robots\" content=\"index, follow, max-snippet:-1, max-image-preview:large, max-video-preview:-1\" \/>\n<link rel=\"canonical\" href=\"https:\/\/ilioon.com\/en\/politica-privacidad\/\" \/>\n<meta property=\"og:locale\" content=\"en_US\" \/>\n<meta property=\"og:type\" content=\"article\" \/>\n<meta property=\"og:title\" content=\"Pol\u00edtica privacidad - Ilioon Rastreador precios competencia\" \/>\n<meta property=\"og:description\" content=\"&nbsp; www.ilioon.com pertenece a la empresa Geek Devops S.L. www.ilioon.com en cumplimiento de la normativa vigente sobre protecci\u00f3n de datos de car\u00e1cter personal, informa que se compromete con el respeto a la intimidad del usuario. El tratamiento de datos de car\u00e1cter personal ser\u00e1 recogido en un fichero, cuyo responsable es www.ilioon.com Los datos requeridos al [&hellip;]\" \/>\n<meta property=\"og:url\" content=\"https:\/\/ilioon.com\/en\/politica-privacidad\/\" \/>\n<meta property=\"og:site_name\" content=\"Ilioon Rastreador precios competencia\" \/>\n<meta property=\"article:modified_time\" content=\"2025-02-03T19:59:27+00:00\" \/>\n<meta name=\"twitter:card\" content=\"summary_large_image\" \/>\n<meta name=\"twitter:label1\" content=\"Est. reading time\" \/>\n\t<meta name=\"twitter:data1\" content=\"4 minutes\" \/>\n<script type=\"application\/ld+json\" class=\"yoast-schema-graph\">{\"@context\":\"https:\/\/schema.org\",\"@graph\":[{\"@type\":\"WebSite\",\"@id\":\"https:\/\/ilioon.com\/#website\",\"url\":\"https:\/\/ilioon.com\/\",\"name\":\"Ilioon Rastreador precios competencia\",\"description\":\"Rastreador precios competencia Google, Amazon y Ebay\",\"potentialAction\":[{\"@type\":\"SearchAction\",\"target\":{\"@type\":\"EntryPoint\",\"urlTemplate\":\"https:\/\/ilioon.com\/?s={search_term_string}\"},\"query-input\":\"required name=search_term_string\"}],\"inLanguage\":\"en-US\"},{\"@type\":\"WebPage\",\"@id\":\"https:\/\/ilioon.com\/politica-privacidad\/#webpage\",\"url\":\"https:\/\/ilioon.com\/politica-privacidad\/\",\"name\":\"Pol\u00edtica privacidad - Ilioon Rastreador precios competencia\",\"isPartOf\":{\"@id\":\"https:\/\/ilioon.com\/#website\"},\"datePublished\":\"2020-05-07T18:06:16+00:00\",\"dateModified\":\"2025-02-03T19:59:27+00:00\",\"breadcrumb\":{\"@id\":\"https:\/\/ilioon.com\/politica-privacidad\/#breadcrumb\"},\"inLanguage\":\"en-US\",\"potentialAction\":[{\"@type\":\"ReadAction\",\"target\":[\"https:\/\/ilioon.com\/politica-privacidad\/\"]}]},{\"@type\":\"BreadcrumbList\",\"@id\":\"https:\/\/ilioon.com\/politica-privacidad\/#breadcrumb\",\"itemListElement\":[{\"@type\":\"ListItem\",\"position\":1,\"name\":\"Portada\",\"item\":\"https:\/\/ilioon.com\/\"},{\"@type\":\"ListItem\",\"position\":2,\"name\":\"Pol\u00edtica privacidad\"}]}]}<\/script>\n<!-- \/ Yoast SEO plugin. -->","yoast_head_json":{"title":"Pol\u00edtica privacidad - Ilioon Rastreador precios competencia","robots":{"index":"index","follow":"follow","max-snippet":"max-snippet:-1","max-image-preview":"max-image-preview:large","max-video-preview":"max-video-preview:-1"},"canonical":"https:\/\/ilioon.com\/en\/politica-privacidad\/","og_locale":"en_US","og_type":"article","og_title":"Pol\u00edtica privacidad - Ilioon Rastreador precios competencia","og_description":"&nbsp; www.ilioon.com pertenece a la empresa Geek Devops S.L. www.ilioon.com en cumplimiento de la normativa vigente sobre protecci\u00f3n de datos de car\u00e1cter personal, informa que se compromete con el respeto a la intimidad del usuario. El tratamiento de datos de car\u00e1cter personal ser\u00e1 recogido en un fichero, cuyo responsable es www.ilioon.com Los datos requeridos al [&hellip;]","og_url":"https:\/\/ilioon.com\/en\/politica-privacidad\/","og_site_name":"Ilioon Rastreador precios competencia","article_modified_time":"2025-02-03T19:59:27+00:00","twitter_card":"summary_large_image","twitter_misc":{"Est. reading time":"4 minutes"},"schema":{"@context":"https:\/\/schema.org","@graph":[{"@type":"WebSite","@id":"https:\/\/ilioon.com\/#website","url":"https:\/\/ilioon.com\/","name":"Ilioon Rastreador precios competencia","description":"Rastreador precios competencia Google, Amazon y Ebay","potentialAction":[{"@type":"SearchAction","target":{"@type":"EntryPoint","urlTemplate":"https:\/\/ilioon.com\/?s={search_term_string}"},"query-input":"required name=search_term_string"}],"inLanguage":"en-US"},{"@type":"WebPage","@id":"https:\/\/ilioon.com\/politica-privacidad\/#webpage","url":"https:\/\/ilioon.com\/politica-privacidad\/","name":"Pol\u00edtica privacidad - Ilioon Rastreador precios competencia","isPartOf":{"@id":"https:\/\/ilioon.com\/#website"},"datePublished":"2020-05-07T18:06:16+00:00","dateModified":"2025-02-03T19:59:27+00:00","breadcrumb":{"@id":"https:\/\/ilioon.com\/politica-privacidad\/#breadcrumb"},"inLanguage":"en-US","potentialAction":[{"@type":"ReadAction","target":["https:\/\/ilioon.com\/politica-privacidad\/"]}]},{"@type":"BreadcrumbList","@id":"https:\/\/ilioon.com\/politica-privacidad\/#breadcrumb","itemListElement":[{"@type":"ListItem","position":1,"name":"Portada","item":"https:\/\/ilioon.com\/"},{"@type":"ListItem","position":2,"name":"Pol\u00edtica privacidad"}]}]}},"_links":{"self":[{"href":"https:\/\/ilioon.com\/en\/wp-json\/wp\/v2\/pages\/1248"}],"collection":[{"href":"https:\/\/ilioon.com\/en\/wp-json\/wp\/v2\/pages"}],"about":[{"href":"https:\/\/ilioon.com\/en\/wp-json\/wp\/v2\/types\/page"}],"author":[{"embeddable":true,"href":"https:\/\/ilioon.com\/en\/wp-json\/wp\/v2\/users\/1"}],"replies":[{"embeddable":true,"href":"https:\/\/ilioon.com\/en\/wp-json\/wp\/v2\/comments?post=1248"}],"version-history":[{"count":2,"href":"https:\/\/ilioon.com\/en\/wp-json\/wp\/v2\/pages\/1248\/revisions"}],"predecessor-version":[{"id":2563,"href":"https:\/\/ilioon.com\/en\/wp-json\/wp\/v2\/pages\/1248\/revisions\/2563"}],"wp:attachment":[{"href":"https:\/\/ilioon.com\/en\/wp-json\/wp\/v2\/media?parent=1248"}],"curies":[{"name":"wp","href":"https:\/\/api.w.org\/{rel}","templated":true}]}}