{"id":1238,"date":"2020-05-07T19:51:39","date_gmt":"2020-05-07T17:51:39","guid":{"rendered":"https:\/\/ilioon.com\/?page_id=1238"},"modified":"2021-01-22T17:08:04","modified_gmt":"2021-01-22T15:08:04","slug":"contacto","status":"publish","type":"page","link":"https:\/\/ilioon.com\/en\/contacto\/","title":{"rendered":"Contact"},"content":{"rendered":"<div data-elementor-type=\"wp-page\" data-elementor-id=\"1238\" class=\"elementor elementor-1238\">\n\t\t\t\t\t\t<div class=\"elementor-inner\">\n\t\t\t\t<div class=\"elementor-section-wrap\">\n\t\t\t\t\t\t\t\t\t<section class=\"elementor-section elementor-top-section elementor-element elementor-element-22ac96b elementor-section-boxed elementor-section-height-default elementor-section-height-default\" data-id=\"22ac96b\" data-element_type=\"section\">\n\t\t\t\t\t\t<div class=\"elementor-container elementor-column-gap-default\">\n\t\t\t\t\t\t\t<div class=\"elementor-row\">\n\t\t\t\t\t<div class=\"elementor-column elementor-col-50 elementor-top-column elementor-element elementor-element-3d502fc\" data-id=\"3d502fc\" data-element_type=\"column\">\n\t\t\t<div class=\"elementor-column-wrap elementor-element-populated\">\n\t\t\t\t\t\t\t<div class=\"elementor-widget-wrap\">\n\t\t\t\t\t\t<div class=\"elementor-element elementor-element-4bf777a elementor-widget elementor-widget-spacer\" data-id=\"4bf777a\" data-element_type=\"widget\" data-widget_type=\"spacer.default\">\n\t\t\t\t<div class=\"elementor-widget-container\">\n\t\t\t\t\t<div class=\"elementor-spacer\">\n\t\t\t<div class=\"elementor-spacer-inner\"><\/div>\n\t\t<\/div>\n\t\t\t\t<\/div>\n\t\t\t\t<\/div>\n\t\t\t\t<div class=\"elementor-element elementor-element-ab4e236 elementor-widget elementor-widget-heading\" data-id=\"ab4e236\" data-element_type=\"widget\" data-widget_type=\"heading.default\">\n\t\t\t\t<div class=\"elementor-widget-container\">\n\t\t\t<h5 class=\"elementor-heading-title elementor-size-small\">We want to meet you and help you increase your online sales<\/h5>\t\t<\/div>\n\t\t\t\t<\/div>\n\t\t\t\t<div class=\"elementor-element elementor-element-8d4f519 elementor-widget-divider--separator-type-pattern elementor-widget-divider--view-line elementor-widget elementor-widget-divider\" data-id=\"8d4f519\" data-element_type=\"widget\" data-widget_type=\"divider.default\">\n\t\t\t\t<div class=\"elementor-widget-container\">\n\t\t\t\t\t<div class=\"elementor-divider\" style=\"--divider-pattern-url: url(&quot;data:image\/svg+xml,%3Csvg xmlns=&#039;http:\/\/www.w3.org\/2000\/svg&#039; preserveAspectRatio=&#039;none&#039; overflow=&#039;visible&#039; height=&#039;100%&#039; viewBox=&#039;0 0 24 24&#039; fill=&#039;none&#039; stroke=&#039;black&#039; stroke-width=&#039;1&#039; stroke-linecap=&#039;square&#039; stroke-miterlimit=&#039;10&#039;%3E%3Cpath d=&#039;M0,6c6,0,6,13,12,13S18,6,24,6&#039;\/%3E%3C\/svg%3E&quot;);\">\n\t\t\t<span class=\"elementor-divider-separator\">\n\t\t\t\t\t\t<\/span>\n\t\t<\/div>\n\t\t\t\t<\/div>\n\t\t\t\t<\/div>\n\t\t\t\t<div class=\"elementor-element elementor-element-ed81942 elementor-widget elementor-widget-heading\" data-id=\"ed81942\" data-element_type=\"widget\" data-widget_type=\"heading.default\">\n\t\t\t\t<div class=\"elementor-widget-container\">\n\t\t\t<h2 class=\"elementor-heading-title elementor-size-small\">Do you want to know how our software works? Do you want to receive more information to finish deciding and try us? Do not hesitate to contact us.<\/h2>\t\t<\/div>\n\t\t\t\t<\/div>\n\t\t\t\t<div class=\"elementor-element elementor-element-27201b8 elementor-widget elementor-widget-text-editor\" data-id=\"27201b8\" data-element_type=\"widget\" data-widget_type=\"text-editor.default\">\n\t\t\t\t<div class=\"elementor-widget-container\">\n\t\t\t\t\t\t\t\t<div class=\"elementor-text-editor elementor-clearfix\">\n\t\t\t\t<p><strong>Telephone: +52 984 253 2180<\/strong><\/p><p><strong>Email: clientes@ilioon.com<\/strong><\/p>\t\t\t\t\t<\/div>\n\t\t\t\t\t\t<\/div>\n\t\t\t\t<\/div>\n\t\t\t\t<section class=\"elementor-section elementor-inner-section elementor-element elementor-element-39ebc77 elementor-section-boxed elementor-section-height-default elementor-section-height-default\" data-id=\"39ebc77\" data-element_type=\"section\">\n\t\t\t\t\t\t<div class=\"elementor-container elementor-column-gap-default\">\n\t\t\t\t\t\t\t<div class=\"elementor-row\">\n\t\t\t\t\t<div class=\"elementor-column elementor-col-50 elementor-inner-column elementor-element elementor-element-eb17fa3\" data-id=\"eb17fa3\" data-element_type=\"column\">\n\t\t\t<div class=\"elementor-column-wrap elementor-element-populated\">\n\t\t\t\t\t\t\t<div class=\"elementor-widget-wrap\">\n\t\t\t\t\t\t<div class=\"elementor-element elementor-element-0e5387f elementor-widget elementor-widget-text-editor\" data-id=\"0e5387f\" data-element_type=\"widget\" data-widget_type=\"text-editor.default\">\n\t\t\t\t<div class=\"elementor-widget-container\">\n\t\t\t\t\t\t\t\t<div class=\"elementor-text-editor elementor-clearfix\">\n\t\t\t\t<div class=\"heading icon-left\"><h2 class=\"content-box-heading\">Spain<\/h2><\/div><div class=\"content-container\"><p>Valencia<br \/>Avda\/Gaspar Aguilar,34<br \/>Cp.46007<br \/>Spain<br \/><strong>Telephone:<\/strong>\u00a0+34 663 250 747<\/p><\/div>\t\t\t\t\t<\/div>\n\t\t\t\t\t\t<\/div>\n\t\t\t\t<\/div>\n\t\t\t\t\t\t<\/div>\n\t\t\t\t\t<\/div>\n\t\t<\/div>\n\t\t\t\t<div class=\"elementor-column elementor-col-50 elementor-inner-column elementor-element elementor-element-1fc8059\" data-id=\"1fc8059\" data-element_type=\"column\">\n\t\t\t<div class=\"elementor-column-wrap elementor-element-populated\">\n\t\t\t\t\t\t\t<div class=\"elementor-widget-wrap\">\n\t\t\t\t\t\t<div class=\"elementor-element elementor-element-d9c385f elementor-widget elementor-widget-text-editor\" data-id=\"d9c385f\" data-element_type=\"widget\" data-widget_type=\"text-editor.default\">\n\t\t\t\t<div class=\"elementor-widget-container\">\n\t\t\t\t\t\t\t\t<div class=\"elementor-text-editor elementor-clearfix\">\n\t\t\t\t<div class=\"heading icon-left\"><h2 class=\"content-box-heading\">USA<\/h2><\/div><div class=\"content-container\"><p>Tampa, Florida<br \/>Fl 33625<br \/>Estados Unidos.<br \/><strong>Telephone:\u00a0<\/strong>+52 984 253 2180<\/p><\/div>\t\t\t\t\t<\/div>\n\t\t\t\t\t\t<\/div>\n\t\t\t\t<\/div>\n\t\t\t\t\t\t<\/div>\n\t\t\t\t\t<\/div>\n\t\t<\/div>\n\t\t\t\t\t\t\t\t<\/div>\n\t\t\t\t\t<\/div>\n\t\t<\/section>\n\t\t\t\t\t\t<\/div>\n\t\t\t\t\t<\/div>\n\t\t<\/div>\n\t\t\t\t<div class=\"elementor-column elementor-col-50 elementor-top-column elementor-element elementor-element-ffa857c\" data-id=\"ffa857c\" data-element_type=\"column\">\n\t\t\t<div class=\"elementor-column-wrap elementor-element-populated\">\n\t\t\t\t\t\t\t<div class=\"elementor-widget-wrap\">\n\t\t\t\t\t\t<div class=\"elementor-element elementor-element-f0bbcf8 elementor-widget elementor-widget-premium-contact-form\" data-id=\"f0bbcf8\" data-element_type=\"widget\" data-widget_type=\"premium-contact-form.default\">\n\t\t\t\t<div class=\"elementor-widget-container\">\n\t\t\t\r\n\t\t\t<div class=\"premium-cf7-container\">\r\n\t\t\t\t<div role=\"form\" class=\"wpcf7\" id=\"wpcf7-f9-o1\" lang=\"es-ES\" dir=\"ltr\">\n<div class=\"screen-reader-response\"><p role=\"status\" aria-live=\"polite\" aria-atomic=\"true\"><\/p> <ul><\/ul><\/div>\n<form action=\"\/en\/wp-json\/wp\/v2\/pages\/1238#wpcf7-f9-o1\" method=\"post\" class=\"wpcf7-form init\" novalidate=\"novalidate\" data-status=\"init\" data-trp-original-action=\"\/en\/wp-json\/wp\/v2\/pages\/1238#wpcf7-f9-o1\">\n<div style=\"display: none;\">\n<input type=\"hidden\" name=\"_wpcf7\" value=\"9\" \/>\n<input type=\"hidden\" name=\"_wpcf7_version\" value=\"5.5.6.1\" \/>\n<input type=\"hidden\" name=\"_wpcf7_locale\" value=\"es_ES\" \/>\n<input type=\"hidden\" name=\"_wpcf7_unit_tag\" value=\"wpcf7-f9-o1\" \/>\n<input type=\"hidden\" name=\"_wpcf7_container_post\" value=\"0\" \/>\n<input type=\"hidden\" name=\"_wpcf7_posted_data_hash\" value=\"\" \/>\n<\/div>\n<p><label> Your name (required)<br \/>\n    <span class=\"wpcf7-form-control-wrap your-name\"><input type=\"text\" name=\"your-name\" value=\"\" size=\"40\" class=\"wpcf7-form-control wpcf7-text wpcf7-validates-as-required\" aria-required=\"true\" aria-invalid=\"false\" \/><\/span> <\/label><\/p>\n<p><label> Your email (required)<br \/>\n    <span class=\"wpcf7-form-control-wrap your-email\"><input type=\"email\" name=\"your-email\" value=\"\" size=\"40\" class=\"wpcf7-form-control wpcf7-text wpcf7-email wpcf7-validates-as-required wpcf7-validates-as-email\" aria-required=\"true\" aria-invalid=\"false\" \/><\/span> <\/label><\/p>\n<p><label> Telephone (required)<br \/>\n    <span class=\"wpcf7-form-control-wrap your-subject\"><input type=\"text\" name=\"your-subject\" value=\"\" size=\"40\" class=\"wpcf7-form-control wpcf7-text wpcf7-validates-as-required\" aria-required=\"true\" aria-invalid=\"false\" \/><\/span> <\/label><\/p>\n<p><label> Your message<br \/>\n    <span class=\"wpcf7-form-control-wrap your-message\"><textarea name=\"your-message\" cols=\"40\" rows=\"10\" class=\"wpcf7-form-control wpcf7-textarea\" aria-invalid=\"false\"><\/textarea><\/span> <\/label><\/p>\n<p><span class=\"wpcf7-form-control-wrap acceptance-937\"><span class=\"wpcf7-form-control wpcf7-acceptance\"><span class=\"wpcf7-list-item\"><input type=\"checkbox\" name=\"acceptance-937\" value=\"1\" aria-invalid=\"false\" \/><\/span><\/span><\/span> I have read and accept the <a href=\"https:\/\/ilioon.com\/en\/politica-privacidad\/\" target=\"_blank\">Privacy Policy.<\/a>\n<p\/>\n<p><input type=\"submit\" value=\"Send\" class=\"wpcf7-form-control has-spinner wpcf7-submit\" \/><\/p>\n<div class=\"wpcf7-response-output\" aria-hidden=\"true\"><\/div><input type=\"hidden\" name=\"trp-form-language\" value=\"en\"\/><\/form><\/div>\t\t\t<\/div>\r\n\r\n\t\t\t\t\t<\/div>\n\t\t\t\t<\/div>\n\t\t\t\t\t\t<\/div>\n\t\t\t\t\t<\/div>\n\t\t<\/div>\n\t\t\t\t\t\t\t\t<\/div>\n\t\t\t\t\t<\/div>\n\t\t<\/section>\n\t\t\t\t\t\t\t\t\t<\/div>\n\t\t\t<\/div>\n\t\t\t\t\t<\/div>","protected":false},"excerpt":{"rendered":"<p>Queremos conocerte y ayudarte a aumentar tus ventas online \u00bfQuieres saber c\u00f3mo funciona nuestro software? ,\u00bfQuieres recibir m\u00e1s informaci\u00f3n para acabar de decidirte y probarnos? No dudes en contactar con nosotros. Tel\u00e9fono: 663 250 747 Email: clientes@ilioon.com Espa\u00f1a ValenciaAvda\/Gaspar Aguilar,34Cp.46007SpainTel\u00e9fono:\u00a0+34 663 250 747 USA Tampa, FloridaFl 33625Estados Unidos.Tel\u00e9fono:\u00a0+52 984 253 2180 Tu nombre (requerido) Tu [&hellip;]<\/p>","protected":false},"author":1,"featured_media":0,"parent":0,"menu_order":0,"comment_status":"closed","ping_status":"closed","template":"elementor_header_footer","meta":[],"yoast_head":"<!-- This site is optimized with the Yoast SEO plugin v18.3 - https:\/\/yoast.com\/wordpress\/plugins\/seo\/ -->\n<title>Contacto - Ilioon Rastreador precios competencia<\/title>\n<meta name=\"robots\" content=\"index, follow, max-snippet:-1, max-image-preview:large, max-video-preview:-1\" \/>\n<link rel=\"canonical\" href=\"https:\/\/ilioon.com\/en\/contacto\/\" \/>\n<meta property=\"og:locale\" content=\"en_US\" \/>\n<meta property=\"og:type\" content=\"article\" \/>\n<meta property=\"og:title\" content=\"Contacto - Ilioon Rastreador precios competencia\" \/>\n<meta property=\"og:description\" content=\"Queremos conocerte y ayudarte a aumentar tus ventas online \u00bfQuieres saber c\u00f3mo funciona nuestro software? ,\u00bfQuieres recibir m\u00e1s informaci\u00f3n para acabar de decidirte y probarnos? No dudes en contactar con nosotros. Tel\u00e9fono: 663 250 747 Email: clientes@ilioon.com Espa\u00f1a ValenciaAvda\/Gaspar Aguilar,34Cp.46007SpainTel\u00e9fono:\u00a0+34 663 250 747 USA Tampa, FloridaFl 33625Estados Unidos.Tel\u00e9fono:\u00a0+52 984 253 2180 Tu nombre (requerido) Tu [&hellip;]\" \/>\n<meta property=\"og:url\" content=\"https:\/\/ilioon.com\/en\/contacto\/\" \/>\n<meta property=\"og:site_name\" content=\"Ilioon Rastreador precios competencia\" \/>\n<meta property=\"article:modified_time\" content=\"2021-01-22T15:08:04+00:00\" \/>\n<meta name=\"twitter:card\" content=\"summary_large_image\" \/>\n<meta name=\"twitter:label1\" content=\"Est. reading time\" \/>\n\t<meta name=\"twitter:data1\" content=\"1 minute\" \/>\n<script type=\"application\/ld+json\" class=\"yoast-schema-graph\">{\"@context\":\"https:\/\/schema.org\",\"@graph\":[{\"@type\":\"WebSite\",\"@id\":\"https:\/\/ilioon.com\/#website\",\"url\":\"https:\/\/ilioon.com\/\",\"name\":\"Ilioon Rastreador precios competencia\",\"description\":\"Rastreador precios competencia Google, Amazon y Ebay\",\"potentialAction\":[{\"@type\":\"SearchAction\",\"target\":{\"@type\":\"EntryPoint\",\"urlTemplate\":\"https:\/\/ilioon.com\/?s={search_term_string}\"},\"query-input\":\"required name=search_term_string\"}],\"inLanguage\":\"en-US\"},{\"@type\":\"WebPage\",\"@id\":\"https:\/\/ilioon.com\/contacto\/#webpage\",\"url\":\"https:\/\/ilioon.com\/contacto\/\",\"name\":\"Contacto - Ilioon Rastreador precios competencia\",\"isPartOf\":{\"@id\":\"https:\/\/ilioon.com\/#website\"},\"datePublished\":\"2020-05-07T17:51:39+00:00\",\"dateModified\":\"2021-01-22T15:08:04+00:00\",\"breadcrumb\":{\"@id\":\"https:\/\/ilioon.com\/contacto\/#breadcrumb\"},\"inLanguage\":\"en-US\",\"potentialAction\":[{\"@type\":\"ReadAction\",\"target\":[\"https:\/\/ilioon.com\/contacto\/\"]}]},{\"@type\":\"BreadcrumbList\",\"@id\":\"https:\/\/ilioon.com\/contacto\/#breadcrumb\",\"itemListElement\":[{\"@type\":\"ListItem\",\"position\":1,\"name\":\"Portada\",\"item\":\"https:\/\/ilioon.com\/\"},{\"@type\":\"ListItem\",\"position\":2,\"name\":\"Contacto\"}]}]}<\/script>\n<!-- \/ Yoast SEO plugin. -->","yoast_head_json":{"title":"Contacto - Ilioon Rastreador precios competencia","robots":{"index":"index","follow":"follow","max-snippet":"max-snippet:-1","max-image-preview":"max-image-preview:large","max-video-preview":"max-video-preview:-1"},"canonical":"https:\/\/ilioon.com\/en\/contacto\/","og_locale":"en_US","og_type":"article","og_title":"Contacto - Ilioon Rastreador precios competencia","og_description":"Queremos conocerte y ayudarte a aumentar tus ventas online \u00bfQuieres saber c\u00f3mo funciona nuestro software? ,\u00bfQuieres recibir m\u00e1s informaci\u00f3n para acabar de decidirte y probarnos? No dudes en contactar con nosotros. Tel\u00e9fono: 663 250 747 Email: clientes@ilioon.com Espa\u00f1a ValenciaAvda\/Gaspar Aguilar,34Cp.46007SpainTel\u00e9fono:\u00a0+34 663 250 747 USA Tampa, FloridaFl 33625Estados Unidos.Tel\u00e9fono:\u00a0+52 984 253 2180 Tu nombre (requerido) Tu [&hellip;]","og_url":"https:\/\/ilioon.com\/en\/contacto\/","og_site_name":"Ilioon Rastreador precios competencia","article_modified_time":"2021-01-22T15:08:04+00:00","twitter_card":"summary_large_image","twitter_misc":{"Est. reading time":"1 minute"},"schema":{"@context":"https:\/\/schema.org","@graph":[{"@type":"WebSite","@id":"https:\/\/ilioon.com\/#website","url":"https:\/\/ilioon.com\/","name":"Ilioon Rastreador precios competencia","description":"Rastreador precios competencia Google, Amazon y Ebay","potentialAction":[{"@type":"SearchAction","target":{"@type":"EntryPoint","urlTemplate":"https:\/\/ilioon.com\/?s={search_term_string}"},"query-input":"required name=search_term_string"}],"inLanguage":"en-US"},{"@type":"WebPage","@id":"https:\/\/ilioon.com\/contacto\/#webpage","url":"https:\/\/ilioon.com\/contacto\/","name":"Contacto - Ilioon Rastreador precios competencia","isPartOf":{"@id":"https:\/\/ilioon.com\/#website"},"datePublished":"2020-05-07T17:51:39+00:00","dateModified":"2021-01-22T15:08:04+00:00","breadcrumb":{"@id":"https:\/\/ilioon.com\/contacto\/#breadcrumb"},"inLanguage":"en-US","potentialAction":[{"@type":"ReadAction","target":["https:\/\/ilioon.com\/contacto\/"]}]},{"@type":"BreadcrumbList","@id":"https:\/\/ilioon.com\/contacto\/#breadcrumb","itemListElement":[{"@type":"ListItem","position":1,"name":"Portada","item":"https:\/\/ilioon.com\/"},{"@type":"ListItem","position":2,"name":"Contacto"}]}]}},"_links":{"self":[{"href":"https:\/\/ilioon.com\/en\/wp-json\/wp\/v2\/pages\/1238"}],"collection":[{"href":"https:\/\/ilioon.com\/en\/wp-json\/wp\/v2\/pages"}],"about":[{"href":"https:\/\/ilioon.com\/en\/wp-json\/wp\/v2\/types\/page"}],"author":[{"embeddable":true,"href":"https:\/\/ilioon.com\/en\/wp-json\/wp\/v2\/users\/1"}],"replies":[{"embeddable":true,"href":"https:\/\/ilioon.com\/en\/wp-json\/wp\/v2\/comments?post=1238"}],"version-history":[{"count":37,"href":"https:\/\/ilioon.com\/en\/wp-json\/wp\/v2\/pages\/1238\/revisions"}],"predecessor-version":[{"id":2218,"href":"https:\/\/ilioon.com\/en\/wp-json\/wp\/v2\/pages\/1238\/revisions\/2218"}],"wp:attachment":[{"href":"https:\/\/ilioon.com\/en\/wp-json\/wp\/v2\/media?parent=1238"}],"curies":[{"name":"wp","href":"https:\/\/api.w.org\/{rel}","templated":true}]}}